{"id":358,"date":"2016-03-01T12:24:15","date_gmt":"2016-03-01T12:24:15","guid":{"rendered":"http:\/\/empty.am\/?page_id=358"},"modified":"2016-03-01T12:30:59","modified_gmt":"2016-03-01T12:30:59","slug":"%d5%b4%d5%b8%d5%bc%d5%a1%d6%81%d5%b8%d6%82%d5%b4","status":"publish","type":"page","link":"https:\/\/empty.am\/?page_id=358","title":{"rendered":"\u0574\u0578\u057c\u0561\u0581\u0578\u0582\u0574"},"content":{"rendered":"<p style=\"text-align: center;\">\u0646\u0633\u064a\u0627\u0646<br \/>\nzaborav<br \/>\n\u0437\u0430\u0431\u0432\u0435\u043d\u0438\u0435<br \/>\nl&#8217;oblit<br \/>\n\u9057\u5fd8<br \/>\n\u907a\u5fd8<br \/>\nzaborav<br \/>\nzapomn\u011bn\u00ed<br \/>\noblivion<br \/>\nVergessenheit<br \/>\n\u03bb\u03ae\u03b8\u03b7<br \/>\noubli<br \/>\n\u05d4\u05e9\u05db\u05d7\u05d4<br \/>\n\u0935\u093f\u0938\u094d\u092e\u0930\u0923<br \/>\nterlupakan<br \/>\noblio<br \/>\n\u5fd8\u5374\u306e\u5f7c\u65b9<br \/>\nusahaulifu<br \/>\nchaq<br \/>\nrejmorgh<br \/>\n\ub9dd\uac01<br \/>\naizmir\u0161ana<br \/>\nselamanya<br \/>\n\u0641\u0631\u0627\u0645\u0648\u0634\u06cc<br \/>\noblivionis<br \/>\nzapomnienie<br \/>\nesquecimento<br \/>\nuitare<br \/>\n\u0437\u0430\u0431\u0432\u0435\u043d\u0438\u0435<br \/>\npozabo<br \/>\ngl\u00f6mska<br \/>\n\u0e43\u0e2b\u0e49\u0e2d\u0e20\u0e31\u0e22<br \/>\n\u0437\u0430\u0431\u0443\u0442\u0442\u044f<br \/>\n\u0628\u06be\u0648\u0644<br \/>\nl\u00e3ng<br \/>\nqu\u00ean<br \/>\nebargofiant<br \/>\nharres\u00eb<br \/>\n\u10ec\u10d0\u10e0\u10e1\u10e3\u10da\u10e1 \u10e9\u10d0\u10d1\u10d0\u10e0\u10d3\u10d0<\/p>\n","protected":false},"excerpt":{"rendered":"<p>\u0646\u0633\u064a\u0627\u0646 zaborav \u0437\u0430\u0431\u0432\u0435\u043d\u0438\u0435 l&#8217;oblit \u9057\u5fd8 \u907a\u5fd8 zaborav zapomn\u011bn\u00ed oblivion Vergessenheit \u03bb\u03ae\u03b8\u03b7 oubli \u05d4\u05e9\u05db\u05d7\u05d4 \u0935\u093f\u0938\u094d\u092e\u0930\u0923 terlupakan oblio \u5fd8\u5374\u306e\u5f7c\u65b9 usahaulifu chaq rejmorgh \ub9dd\uac01 aizmir\u0161ana selamanya \u0641\u0631\u0627\u0645\u0648\u0634\u06cc oblivionis zapomnienie esquecimento uitare \u0437\u0430\u0431\u0432\u0435\u043d\u0438\u0435 pozabo gl\u00f6mska \u0e43\u0e2b\u0e49\u0e2d\u0e20\u0e31\u0e22 \u0437\u0430\u0431\u0443\u0442\u0442\u044f \u0628\u06be\u0648\u0644 l\u00e3ng qu\u00ean ebargofiant harres\u00eb \u10ec\u10d0\u10e0\u10e1\u10e3\u10da\u10e1 \u10e9\u10d0\u10d1\u10d0\u10e0\u10d3\u10d0<\/p>\n","protected":false},"author":1,"featured_media":0,"parent":0,"menu_order":0,"comment_status":"closed","ping_status":"closed","template":"","meta":{"footnotes":""},"class_list":["post-358","page","type-page","status-publish","hentry"],"lang":"hy","translations":{"hy":358},"pll_sync_post":[],"_links":{"self":[{"href":"https:\/\/empty.am\/index.php?rest_route=\/wp\/v2\/pages\/358","targetHints":{"allow":["GET"]}}],"collection":[{"href":"https:\/\/empty.am\/index.php?rest_route=\/wp\/v2\/pages"}],"about":[{"href":"https:\/\/empty.am\/index.php?rest_route=\/wp\/v2\/types\/page"}],"author":[{"embeddable":true,"href":"https:\/\/empty.am\/index.php?rest_route=\/wp\/v2\/users\/1"}],"replies":[{"embeddable":true,"href":"https:\/\/empty.am\/index.php?rest_route=%2Fwp%2Fv2%2Fcomments&post=358"}],"version-history":[{"count":5,"href":"https:\/\/empty.am\/index.php?rest_route=\/wp\/v2\/pages\/358\/revisions"}],"predecessor-version":[{"id":365,"href":"https:\/\/empty.am\/index.php?rest_route=\/wp\/v2\/pages\/358\/revisions\/365"}],"wp:attachment":[{"href":"https:\/\/empty.am\/index.php?rest_route=%2Fwp%2Fv2%2Fmedia&parent=358"}],"curies":[{"name":"wp","href":"https:\/\/api.w.org\/{rel}","templated":true}]}}